{"id":17,"date":"2024-10-24T10:51:26","date_gmt":"2024-10-24T10:51:26","guid":{"rendered":"https:\/\/test.saintdenisfoot.fr\/?page_id=17"},"modified":"2025-02-03T16:13:23","modified_gmt":"2025-02-03T16:13:23","slug":"evenements","status":"publish","type":"page","link":"https:\/\/test.saintdenisfoot.fr\/index.php\/evenements\/","title":{"rendered":"\u00c9v\u00e8nements"},"content":{"rendered":"\n<div class=\"wp-block-cover alignfull is-light\" style=\"padding-top:2%;min-height:327px;aspect-ratio:unset;\"><span aria-hidden=\"true\" class=\"wp-block-cover__background has-background-dim-100 has-background-dim\" style=\"background-color:#ececec\"><\/span><img decoding=\"async\" class=\"wp-block-cover__image-background wp-image-3039\" alt=\"\" src=\"https:\/\/tyler.com\/wp-content\/uploads\/2023\/11\/island-contact-banner.jpg\" style=\"object-position:50% 100%\" data-object-fit=\"cover\" data-object-position=\"50% 100%\"\/><div class=\"wp-block-cover__inner-container has-global-padding is-layout-constrained wp-container-core-cover-is-layout-ee51f2d2 wp-block-cover-is-layout-constrained\">\n<h1 class=\"wp-block-heading has-text-align-center has-text-color\" style=\"color:#262f4c;margin-top:0rem;margin-bottom:1.01rem;font-size:clamp(1.743rem, 1.743rem + ((1vw - 0.2rem) * 2.958), 3rem);font-style:normal;font-weight:400;line-height:1;text-transform:uppercase\"><strong>\u00c9V\u00e8nements<\/strong><\/h1>\n\n\n\n<hr class=\"wp-block-separator has-text-color has-alpha-channel-opacity has-background\" style=\"background-color:#262f4c;color:#262f4c\"\/>\n<\/div><\/div>\n\n\n\n<div style=\"height:25px\" aria-hidden=\"true\" class=\"wp-block-spacer\"><\/div>\n\n\n\n<p class=\"has-text-color has-link-color wp-elements-b21797ca40feff5b48b692aff69418ca\" style=\"color:#262f4c;font-style:normal;font-weight:300\">Diff\u00e9rents \u00e9v\u00e8nements font vivre notre club au cours de l\u2019ann\u00e9e. Notre commission f\u00eates, accompagn\u00e9e de b\u00e9n\u00e9voles, a le plaisir d\u2019organiser les manifestations ! Nous vous attendons nombreux et nombreuses sur chaque \u00e9v\u00e8nement !<\/p>\n\n\n\n<div style=\"height:25px\" aria-hidden=\"true\" class=\"wp-block-spacer\"><\/div>\n\n\n\n<div class=\"wp-block-columns alignwide is-layout-flex wp-container-core-columns-is-layout-85231905 wp-block-columns-is-layout-flex\">\n<div class=\"wp-block-column is-layout-flow wp-block-column-is-layout-flow\" style=\"flex-basis:40%\">\n<div style=\"height:15px\" aria-hidden=\"true\" class=\"wp-block-spacer\"><\/div>\n\n\n\n<p class=\"has-text-color has-link-color wp-elements-86b82f1bad5d4f6764bc418544afaf1b\" style=\"color:#262f4c;font-style:normal;font-weight:300\"><strong>\u2022 REPAS DU FOOT<br><\/strong>Samedi 19 Octobre 2024<\/p>\n\n\n\n<div style=\"height:10px\" aria-hidden=\"true\" class=\"wp-block-spacer\"><\/div>\n\n\n\n<p class=\"has-text-color has-link-color wp-elements-1b4ed0fc93b4dc0432c83c0b17ab1493\" style=\"color:#262f4c;font-style:normal;font-weight:300\"><strong>\u2022 TOURNOI DE BELOTE<br><\/strong>Dimanche 10 Novembre 2024<\/p>\n\n\n\n<div style=\"height:10px\" aria-hidden=\"true\" class=\"wp-block-spacer\"><\/div>\n\n\n\n<p class=\"has-text-color has-link-color wp-elements-7eff817618ac9f519332747077db1ac7\" style=\"color:#262f4c;font-style:normal;font-weight:300\"><strong>\u2022 TOURNOI F\u00c9MININ<br><\/strong>Samedi 10 Mai 2025 \u00e0 la Copechagni\u00e8re<\/p>\n\n\n\n<div style=\"height:10px\" aria-hidden=\"true\" class=\"wp-block-spacer\"><\/div>\n\n\n\n<p class=\"has-text-color has-link-color wp-elements-3d983ec0c6def432f9405d66fefccb02\" style=\"color:#262f4c;font-style:normal;font-weight:300\"><strong>\u2022 TOURNOI DE QUINTE<br><\/strong>Jeudi 29 Mai 2025<\/p>\n<\/div>\n\n\n\n<div class=\"wp-block-column is-layout-flow wp-container-core-column-is-layout-60f61c71 wp-block-column-is-layout-flow\" style=\"padding-left:var(--wp--preset--spacing--50);flex-basis:60%\">\n<div class=\"wp-block-columns is-layout-flex wp-container-core-columns-is-layout-28f84493 wp-block-columns-is-layout-flex\">\n<div class=\"wp-block-column is-layout-flow wp-block-column-is-layout-flow\" style=\"flex-basis:50%\">\n<figure class=\"wp-block-image size-large\"><img loading=\"lazy\" decoding=\"async\" width=\"724\" height=\"1024\" src=\"http:\/\/test.saintdenisfoot.fr\/wp-content\/uploads\/2025\/01\/Affiche-belote-2024-724x1024.jpg\" alt=\"\" class=\"wp-image-574\" srcset=\"https:\/\/test.saintdenisfoot.fr\/wp-content\/uploads\/2025\/01\/Affiche-belote-2024-724x1024.jpg 724w, https:\/\/test.saintdenisfoot.fr\/wp-content\/uploads\/2025\/01\/Affiche-belote-2024-212x300.jpg 212w, https:\/\/test.saintdenisfoot.fr\/wp-content\/uploads\/2025\/01\/Affiche-belote-2024-768x1086.jpg 768w, https:\/\/test.saintdenisfoot.fr\/wp-content\/uploads\/2025\/01\/Affiche-belote-2024-1086x1536.jpg 1086w, https:\/\/test.saintdenisfoot.fr\/wp-content\/uploads\/2025\/01\/Affiche-belote-2024-1448x2048.jpg 1448w, https:\/\/test.saintdenisfoot.fr\/wp-content\/uploads\/2025\/01\/Affiche-belote-2024-scaled.jpg 1810w\" sizes=\"auto, (max-width: 724px) 100vw, 724px\" \/><\/figure>\n<\/div>\n\n\n\n<div class=\"wp-block-column is-layout-flow wp-block-column-is-layout-flow\" style=\"flex-basis:50%\">\n<figure class=\"wp-block-image size-large\"><img loading=\"lazy\" decoding=\"async\" width=\"724\" height=\"1024\" src=\"https:\/\/test.saintdenisfoot.fr\/wp-content\/uploads\/2025\/01\/Affiche-724x1024.jpg\" alt=\"\" class=\"wp-image-575\" srcset=\"https:\/\/test.saintdenisfoot.fr\/wp-content\/uploads\/2025\/01\/Affiche-724x1024.jpg 724w, https:\/\/test.saintdenisfoot.fr\/wp-content\/uploads\/2025\/01\/Affiche-212x300.jpg 212w, https:\/\/test.saintdenisfoot.fr\/wp-content\/uploads\/2025\/01\/Affiche-768x1086.jpg 768w, https:\/\/test.saintdenisfoot.fr\/wp-content\/uploads\/2025\/01\/Affiche-1086x1536.jpg 1086w, https:\/\/test.saintdenisfoot.fr\/wp-content\/uploads\/2025\/01\/Affiche-1448x2048.jpg 1448w, https:\/\/test.saintdenisfoot.fr\/wp-content\/uploads\/2025\/01\/Affiche-scaled.jpg 1810w\" sizes=\"auto, (max-width: 724px) 100vw, 724px\" \/><\/figure>\n<\/div>\n<\/div>\n<\/div>\n<\/div>\n\n\n\n<div style=\"height:30px\" aria-hidden=\"true\" class=\"wp-block-spacer\"><\/div>\n","protected":false},"excerpt":{"rendered":"<p>Diff\u00e9rents \u00e9v\u00e8nements font vivre notre club au cours de l\u2019ann\u00e9e. Notre commission f\u00eates, accompagn\u00e9e de b\u00e9n\u00e9voles, a le plaisir d\u2019organiser les manifestations ! Nous vous attendons nombreux et nombreuses sur chaque \u00e9v\u00e8nement ! \u2022 REPAS DU FOOTSamedi 19 Octobre 2024 \u2022 TOURNOI DE BELOTEDimanche 10 Novembre 2024 \u2022 TOURNOI F\u00c9MININSamedi 10 Mai 2025 \u00e0 la [&hellip;]<\/p>\n","protected":false},"author":1,"featured_media":0,"parent":0,"menu_order":0,"comment_status":"closed","ping_status":"closed","template":"","meta":{"footnotes":""},"class_list":["post-17","page","type-page","status-publish","hentry"],"_links":{"self":[{"href":"https:\/\/test.saintdenisfoot.fr\/index.php\/wp-json\/wp\/v2\/pages\/17","targetHints":{"allow":["GET"]}}],"collection":[{"href":"https:\/\/test.saintdenisfoot.fr\/index.php\/wp-json\/wp\/v2\/pages"}],"about":[{"href":"https:\/\/test.saintdenisfoot.fr\/index.php\/wp-json\/wp\/v2\/types\/page"}],"author":[{"embeddable":true,"href":"https:\/\/test.saintdenisfoot.fr\/index.php\/wp-json\/wp\/v2\/users\/1"}],"replies":[{"embeddable":true,"href":"https:\/\/test.saintdenisfoot.fr\/index.php\/wp-json\/wp\/v2\/comments?post=17"}],"version-history":[{"count":25,"href":"https:\/\/test.saintdenisfoot.fr\/index.php\/wp-json\/wp\/v2\/pages\/17\/revisions"}],"predecessor-version":[{"id":660,"href":"https:\/\/test.saintdenisfoot.fr\/index.php\/wp-json\/wp\/v2\/pages\/17\/revisions\/660"}],"wp:attachment":[{"href":"https:\/\/test.saintdenisfoot.fr\/index.php\/wp-json\/wp\/v2\/media?parent=17"}],"curies":[{"name":"wp","href":"https:\/\/api.w.org\/{rel}","templated":true}]}}