{"id":223,"date":"2024-10-28T10:40:55","date_gmt":"2024-10-28T10:40:55","guid":{"rendered":"https:\/\/test.saintdenisfoot.fr\/?page_id=223"},"modified":"2025-03-06T08:27:05","modified_gmt":"2025-03-06T08:27:05","slug":"plannings-bar-entrees-delegues-benevoles","status":"publish","type":"page","link":"https:\/\/test.saintdenisfoot.fr\/index.php\/le-club\/plannings-bar-entrees-delegues-benevoles\/","title":{"rendered":"Plannings (bar, entr\u00e9es, d\u00e9l\u00e9gu\u00e9s, b\u00e9n\u00e9voles)"},"content":{"rendered":"\n<div class=\"wp-block-cover alignfull is-light\" style=\"padding-top:2%;min-height:327px;aspect-ratio:unset;\"><span aria-hidden=\"true\" class=\"wp-block-cover__background has-background-dim-100 has-background-dim\" style=\"background-color:#ececec\"><\/span><img decoding=\"async\" class=\"wp-block-cover__image-background wp-image-3039\" alt=\"\" src=\"https:\/\/tyler.com\/wp-content\/uploads\/2023\/11\/island-contact-banner.jpg\" style=\"object-position:50% 100%\" data-object-fit=\"cover\" data-object-position=\"50% 100%\"\/><div class=\"wp-block-cover__inner-container has-global-padding is-layout-constrained wp-container-core-cover-is-layout-ee51f2d2 wp-block-cover-is-layout-constrained\">\n<h1 class=\"wp-block-heading has-text-align-center has-text-color\" style=\"color:#262f4c;margin-top:0rem;margin-bottom:1.01rem;font-size:clamp(1.743rem, 1.743rem + ((1vw - 0.2rem) * 2.958), 3rem);font-style:normal;font-weight:400;line-height:1;text-transform:uppercase\"><strong>PLANNINGs<\/strong> <strong>(BAR, entr\u00c9es, D\u00c9L\u00c9GU\u00c9S, B\u00c9N\u00c9VOLEs)<\/strong><\/h1>\n\n\n\n<hr class=\"wp-block-separator has-text-color has-alpha-channel-opacity has-background\" style=\"background-color:#262f4c;color:#262f4c\"\/>\n<\/div><\/div>\n\n\n\n<div style=\"height:25px\" aria-hidden=\"true\" class=\"wp-block-spacer\"><\/div>\n\n\n\n<p class=\"has-text-align-center\"><strong>BAR<\/strong><\/p>\n\n\n\n<figure class=\"wp-block-image size-large\"><img loading=\"lazy\" decoding=\"async\" width=\"1024\" height=\"775\" src=\"https:\/\/test.saintdenisfoot.fr\/wp-content\/uploads\/2025\/03\/IMG_20250306_090150-1024x775.jpg\" alt=\"\" class=\"wp-image-724\" srcset=\"https:\/\/test.saintdenisfoot.fr\/wp-content\/uploads\/2025\/03\/IMG_20250306_090150-1024x775.jpg 1024w, https:\/\/test.saintdenisfoot.fr\/wp-content\/uploads\/2025\/03\/IMG_20250306_090150-300x227.jpg 300w, https:\/\/test.saintdenisfoot.fr\/wp-content\/uploads\/2025\/03\/IMG_20250306_090150-768x581.jpg 768w, https:\/\/test.saintdenisfoot.fr\/wp-content\/uploads\/2025\/03\/IMG_20250306_090150-1536x1162.jpg 1536w, https:\/\/test.saintdenisfoot.fr\/wp-content\/uploads\/2025\/03\/IMG_20250306_090150.jpg 1872w\" sizes=\"auto, (max-width: 1024px) 100vw, 1024px\" \/><\/figure>\n\n\n\n<div style=\"height:30px\" aria-hidden=\"true\" class=\"wp-block-spacer\"><\/div>\n\n\n\n<p class=\"has-text-align-center\"><strong>ENTR\u00c9ES<\/strong><\/p>\n\n\n\n<figure class=\"wp-block-image size-large\"><img loading=\"lazy\" decoding=\"async\" width=\"1024\" height=\"477\" src=\"https:\/\/test.saintdenisfoot.fr\/wp-content\/uploads\/2025\/03\/IMG_20250304_225722-1024x477.jpg\" alt=\"\" class=\"wp-image-717\" srcset=\"https:\/\/test.saintdenisfoot.fr\/wp-content\/uploads\/2025\/03\/IMG_20250304_225722-1024x477.jpg 1024w, https:\/\/test.saintdenisfoot.fr\/wp-content\/uploads\/2025\/03\/IMG_20250304_225722-300x140.jpg 300w, https:\/\/test.saintdenisfoot.fr\/wp-content\/uploads\/2025\/03\/IMG_20250304_225722-768x358.jpg 768w, https:\/\/test.saintdenisfoot.fr\/wp-content\/uploads\/2025\/03\/IMG_20250304_225722.jpg 1492w\" sizes=\"auto, (max-width: 1024px) 100vw, 1024px\" \/><\/figure>\n\n\n\n<div style=\"height:30px\" aria-hidden=\"true\" class=\"wp-block-spacer\"><\/div>\n\n\n\n<p class=\"has-text-align-center\"><span><b>D\u00c9L<\/b><strong style=\"font-weight: bold;\">\u00c9<\/strong><\/span><strong>G<strong>U\u00c9S<\/strong><\/strong><\/p>\n\n\n\n<figure class=\"wp-block-image size-large\"><img loading=\"lazy\" decoding=\"async\" width=\"1024\" height=\"337\" src=\"https:\/\/test.saintdenisfoot.fr\/wp-content\/uploads\/2025\/03\/police-du-terrain-2024-2025-1024x337.png\" alt=\"\" class=\"wp-image-721\" srcset=\"https:\/\/test.saintdenisfoot.fr\/wp-content\/uploads\/2025\/03\/police-du-terrain-2024-2025-1024x337.png 1024w, https:\/\/test.saintdenisfoot.fr\/wp-content\/uploads\/2025\/03\/police-du-terrain-2024-2025-300x99.png 300w, https:\/\/test.saintdenisfoot.fr\/wp-content\/uploads\/2025\/03\/police-du-terrain-2024-2025-768x253.png 768w, https:\/\/test.saintdenisfoot.fr\/wp-content\/uploads\/2025\/03\/police-du-terrain-2024-2025-1536x505.png 1536w, https:\/\/test.saintdenisfoot.fr\/wp-content\/uploads\/2025\/03\/police-du-terrain-2024-2025.png 1839w\" sizes=\"auto, (max-width: 1024px) 100vw, 1024px\" \/><\/figure>\n\n\n\n<div style=\"height:30px\" aria-hidden=\"true\" class=\"wp-block-spacer\"><\/div>\n\n\n\n<p class=\"has-text-align-center\"><strong>B\u00c9N<strong>\u00c9<\/strong>VOLES<\/strong><\/p>\n\n\n\n<figure class=\"wp-block-image aligncenter size-large is-resized\"><img loading=\"lazy\" decoding=\"async\" width=\"482\" height=\"1024\" src=\"https:\/\/test.saintdenisfoot.fr\/wp-content\/uploads\/2025\/03\/IMG_20250304_163543-482x1024.jpg\" alt=\"\" class=\"wp-image-719\" style=\"width:600px\" srcset=\"https:\/\/test.saintdenisfoot.fr\/wp-content\/uploads\/2025\/03\/IMG_20250304_163543-482x1024.jpg 482w, https:\/\/test.saintdenisfoot.fr\/wp-content\/uploads\/2025\/03\/IMG_20250304_163543-141x300.jpg 141w, https:\/\/test.saintdenisfoot.fr\/wp-content\/uploads\/2025\/03\/IMG_20250304_163543-723x1536.jpg 723w, https:\/\/test.saintdenisfoot.fr\/wp-content\/uploads\/2025\/03\/IMG_20250304_163543.jpg 725w\" sizes=\"auto, (max-width: 482px) 100vw, 482px\" \/><\/figure>\n\n\n\n<div style=\"height:30px\" aria-hidden=\"true\" class=\"wp-block-spacer\"><\/div>\n\n\n\n<p><\/p>\n","protected":false},"excerpt":{"rendered":"<p>BAR ENTR\u00c9ES D\u00c9L\u00c9GU\u00c9S B\u00c9N\u00c9VOLES<\/p>\n","protected":false},"author":1,"featured_media":0,"parent":84,"menu_order":0,"comment_status":"closed","ping_status":"closed","template":"","meta":{"footnotes":""},"class_list":["post-223","page","type-page","status-publish","hentry"],"_links":{"self":[{"href":"https:\/\/test.saintdenisfoot.fr\/index.php\/wp-json\/wp\/v2\/pages\/223","targetHints":{"allow":["GET"]}}],"collection":[{"href":"https:\/\/test.saintdenisfoot.fr\/index.php\/wp-json\/wp\/v2\/pages"}],"about":[{"href":"https:\/\/test.saintdenisfoot.fr\/index.php\/wp-json\/wp\/v2\/types\/page"}],"author":[{"embeddable":true,"href":"https:\/\/test.saintdenisfoot.fr\/index.php\/wp-json\/wp\/v2\/users\/1"}],"replies":[{"embeddable":true,"href":"https:\/\/test.saintdenisfoot.fr\/index.php\/wp-json\/wp\/v2\/comments?post=223"}],"version-history":[{"count":13,"href":"https:\/\/test.saintdenisfoot.fr\/index.php\/wp-json\/wp\/v2\/pages\/223\/revisions"}],"predecessor-version":[{"id":728,"href":"https:\/\/test.saintdenisfoot.fr\/index.php\/wp-json\/wp\/v2\/pages\/223\/revisions\/728"}],"up":[{"embeddable":true,"href":"https:\/\/test.saintdenisfoot.fr\/index.php\/wp-json\/wp\/v2\/pages\/84"}],"wp:attachment":[{"href":"https:\/\/test.saintdenisfoot.fr\/index.php\/wp-json\/wp\/v2\/media?parent=223"}],"curies":[{"name":"wp","href":"https:\/\/api.w.org\/{rel}","templated":true}]}}