{"id":454,"date":"2024-11-12T15:00:51","date_gmt":"2024-11-12T15:00:51","guid":{"rendered":"https:\/\/test.saintdenisfoot.fr\/?page_id=454"},"modified":"2024-11-13T12:26:09","modified_gmt":"2024-11-13T12:26:09","slug":"u18","status":"publish","type":"page","link":"https:\/\/test.saintdenisfoot.fr\/index.php\/jeunes\/u18\/","title":{"rendered":"U18"},"content":{"rendered":"\n<div class=\"wp-block-cover alignfull is-light\" style=\"padding-top:2%;min-height:327px;aspect-ratio:unset;\"><span aria-hidden=\"true\" class=\"wp-block-cover__background has-background-dim-100 has-background-dim\" style=\"background-color:#ececec\"><\/span><img decoding=\"async\" class=\"wp-block-cover__image-background wp-image-3039\" alt=\"\" src=\"https:\/\/tyler.com\/wp-content\/uploads\/2023\/11\/island-contact-banner.jpg\" style=\"object-position:50% 100%\" data-object-fit=\"cover\" data-object-position=\"50% 100%\"\/><div class=\"wp-block-cover__inner-container has-global-padding is-layout-constrained wp-container-core-cover-is-layout-ee51f2d2 wp-block-cover-is-layout-constrained\">\n<h1 class=\"wp-block-heading has-text-align-center has-text-color\" style=\"color:#262f4c;margin-top:0rem;margin-bottom:1.01rem;font-size:clamp(1.743rem, 1.743rem + ((1vw - 0.2rem) * 2.958), 3rem);font-style:normal;font-weight:400;line-height:1;text-transform:uppercase\"><strong>u18 &#8211; p\u00f4le masculin &amp; f\u00e9minin<\/strong><\/h1>\n\n\n\n<hr class=\"wp-block-separator has-text-color has-alpha-channel-opacity has-background\" style=\"background-color:#262f4c;color:#262f4c\"\/>\n<\/div><\/div>\n\n\n\n<div style=\"height:25px\" aria-hidden=\"true\" class=\"wp-block-spacer\"><\/div>\n\n\n\n<div class=\"wp-block-columns is-layout-flex wp-container-core-columns-is-layout-28f84493 wp-block-columns-is-layout-flex\">\n<div class=\"wp-block-column is-layout-flow wp-block-column-is-layout-flow\">\n<figure class=\"wp-block-image aligncenter size-full is-resized\"><img loading=\"lazy\" decoding=\"async\" width=\"1000\" height=\"995\" src=\"https:\/\/test.saintdenisfoot.fr\/wp-content\/uploads\/2024\/10\/logo-gj-sdcc.png\" alt=\"\" class=\"wp-image-159\" style=\"width:100px\" srcset=\"https:\/\/test.saintdenisfoot.fr\/wp-content\/uploads\/2024\/10\/logo-gj-sdcc.png 1000w, https:\/\/test.saintdenisfoot.fr\/wp-content\/uploads\/2024\/10\/logo-gj-sdcc-300x300.png 300w, https:\/\/test.saintdenisfoot.fr\/wp-content\/uploads\/2024\/10\/logo-gj-sdcc-150x150.png 150w, https:\/\/test.saintdenisfoot.fr\/wp-content\/uploads\/2024\/10\/logo-gj-sdcc-768x764.png 768w, https:\/\/test.saintdenisfoot.fr\/wp-content\/uploads\/2024\/10\/elementor\/thumbs\/logo-gj-sdcc-qw4dss5edskc2u2sx7tcjpaqig9h5r1n87s6bjddk8.png 100w\" sizes=\"auto, (max-width: 1000px) 100vw, 1000px\" \/><\/figure>\n\n\n\n<h2 class=\"wp-block-heading has-text-align-center has-text-color has-link-color has-large-font-size wp-elements-d1a81a19dd0da8ebcda440ab3f99907a\" style=\"color:#262f4c\"><strong>U18 A &#8211; P\u00d4LE MASCULIN<\/strong><\/h2>\n\n\n\n<hr class=\"wp-block-separator aligncenter has-text-color has-alpha-channel-opacity has-background\" style=\"background-color:#262f4c;color:#262f4c\"\/>\n\n\n\n<p><iframe loading=\"lazy\" style=\"height: 1000px; width: 100%; border: 0; border-width: 0; display: flex; align-items: center; justify-content: center;\" src=\"https:\/\/widgets.scorenco.com\/team\/9116\" width=\"50%\" height=\"500\" frameborder=\"0\">ES St Denis la Chevasse<\/iframe><\/p>\n<\/div>\n\n\n\n<div class=\"wp-block-column is-layout-flow wp-block-column-is-layout-flow\">\n<figure class=\"wp-block-image aligncenter size-full is-resized\"><img loading=\"lazy\" decoding=\"async\" width=\"1000\" height=\"995\" src=\"http:\/\/test.saintdenisfoot.fr\/wp-content\/uploads\/2024\/10\/logo-gj-sdcch.png\" alt=\"\" class=\"wp-image-160\" style=\"width:100px\" srcset=\"https:\/\/test.saintdenisfoot.fr\/wp-content\/uploads\/2024\/10\/logo-gj-sdcch.png 1000w, https:\/\/test.saintdenisfoot.fr\/wp-content\/uploads\/2024\/10\/logo-gj-sdcch-300x300.png 300w, https:\/\/test.saintdenisfoot.fr\/wp-content\/uploads\/2024\/10\/logo-gj-sdcch-150x150.png 150w, https:\/\/test.saintdenisfoot.fr\/wp-content\/uploads\/2024\/10\/logo-gj-sdcch-768x764.png 768w, https:\/\/test.saintdenisfoot.fr\/wp-content\/uploads\/2024\/10\/elementor\/thumbs\/logo-gj-sdcch-qw4dszo3wgumnprvpb2d3nef9j8evbvhx9025r286g.png 100w\" sizes=\"auto, (max-width: 1000px) 100vw, 1000px\" \/><\/figure>\n\n\n\n<h2 class=\"wp-block-heading has-text-align-center has-text-color has-link-color has-large-font-size wp-elements-967f93778be18d758745db2bbd7cce9a\" style=\"color:#262f4c\"><strong>U18 &#8211; P\u00d4LE F\u00c9MININ<\/strong><\/h2>\n\n\n\n<hr class=\"wp-block-separator aligncenter has-text-color has-alpha-channel-opacity has-background\" style=\"background-color:#262f4c;color:#262f4c\"\/>\n\n\n\n<p><iframe loading=\"lazy\" style=\"height: 2000px; width: 100%; border: 0; border-width: 0; display: flex; align-items: center; justify-content: center;\" src=\"https:\/\/widgets.scorenco.com\/team\/9139\" width=\"100%\" height=\"1000\" frameborder=\"0\">ES St Denis la Chevasse<\/iframe><\/p>\n<\/div>\n<\/div>\n\n\n\n<div class=\"wp-block-columns is-layout-flex wp-container-core-columns-is-layout-28f84493 wp-block-columns-is-layout-flex\">\n<div class=\"wp-block-column is-layout-flow wp-block-column-is-layout-flow\">\n<figure class=\"wp-block-image aligncenter size-full is-resized\"><img loading=\"lazy\" decoding=\"async\" width=\"1000\" height=\"995\" src=\"https:\/\/test.saintdenisfoot.fr\/wp-content\/uploads\/2024\/10\/logo-gj-sdcc.png\" alt=\"\" class=\"wp-image-159\" style=\"width:100px\" srcset=\"https:\/\/test.saintdenisfoot.fr\/wp-content\/uploads\/2024\/10\/logo-gj-sdcc.png 1000w, https:\/\/test.saintdenisfoot.fr\/wp-content\/uploads\/2024\/10\/logo-gj-sdcc-300x300.png 300w, https:\/\/test.saintdenisfoot.fr\/wp-content\/uploads\/2024\/10\/logo-gj-sdcc-150x150.png 150w, https:\/\/test.saintdenisfoot.fr\/wp-content\/uploads\/2024\/10\/logo-gj-sdcc-768x764.png 768w, https:\/\/test.saintdenisfoot.fr\/wp-content\/uploads\/2024\/10\/elementor\/thumbs\/logo-gj-sdcc-qw4dss5edskc2u2sx7tcjpaqig9h5r1n87s6bjddk8.png 100w\" sizes=\"auto, (max-width: 1000px) 100vw, 1000px\" \/><\/figure>\n\n\n\n<h2 class=\"wp-block-heading has-text-align-center has-text-color has-link-color has-large-font-size wp-elements-e0566d4b9a96d0d587053bc2e429b1ae\" style=\"color:#262f4c\"><strong>U18 B &#8211; P\u00d4LE MASCULIN<\/strong><\/h2>\n\n\n\n<hr class=\"wp-block-separator aligncenter has-text-color has-alpha-channel-opacity has-background\" style=\"background-color:#262f4c;color:#262f4c\"\/>\n\n\n\n<p><iframe loading=\"lazy\" style=\"height: 2000px; width: 100%; border: 0; border-width: 0; display: flex; align-items: center; justify-content: center;\" src=\"https:\/\/widgets.scorenco.com\/team\/9117\" width=\"100%\" height=\"1000\" frameborder=\"0\">ES St Denis la Chevasse<\/iframe><\/p>\n<\/div>\n\n\n\n<div class=\"wp-block-column is-layout-flow wp-block-column-is-layout-flow\"><\/div>\n<\/div>\n\n\n\n<div style=\"height:30px\" aria-hidden=\"true\" class=\"wp-block-spacer\"><\/div>\n","protected":false},"excerpt":{"rendered":"<p>U18 A &#8211; P\u00d4LE MASCULIN ES St Denis la Chevasse U18 &#8211; P\u00d4LE F\u00c9MININ ES St Denis la Chevasse U18 B &#8211; P\u00d4LE MASCULIN ES St Denis la Chevasse<\/p>\n","protected":false},"author":1,"featured_media":0,"parent":452,"menu_order":0,"comment_status":"closed","ping_status":"closed","template":"","meta":{"footnotes":""},"class_list":["post-454","page","type-page","status-publish","hentry"],"_links":{"self":[{"href":"https:\/\/test.saintdenisfoot.fr\/index.php\/wp-json\/wp\/v2\/pages\/454","targetHints":{"allow":["GET"]}}],"collection":[{"href":"https:\/\/test.saintdenisfoot.fr\/index.php\/wp-json\/wp\/v2\/pages"}],"about":[{"href":"https:\/\/test.saintdenisfoot.fr\/index.php\/wp-json\/wp\/v2\/types\/page"}],"author":[{"embeddable":true,"href":"https:\/\/test.saintdenisfoot.fr\/index.php\/wp-json\/wp\/v2\/users\/1"}],"replies":[{"embeddable":true,"href":"https:\/\/test.saintdenisfoot.fr\/index.php\/wp-json\/wp\/v2\/comments?post=454"}],"version-history":[{"count":13,"href":"https:\/\/test.saintdenisfoot.fr\/index.php\/wp-json\/wp\/v2\/pages\/454\/revisions"}],"predecessor-version":[{"id":480,"href":"https:\/\/test.saintdenisfoot.fr\/index.php\/wp-json\/wp\/v2\/pages\/454\/revisions\/480"}],"up":[{"embeddable":true,"href":"https:\/\/test.saintdenisfoot.fr\/index.php\/wp-json\/wp\/v2\/pages\/452"}],"wp:attachment":[{"href":"https:\/\/test.saintdenisfoot.fr\/index.php\/wp-json\/wp\/v2\/media?parent=454"}],"curies":[{"name":"wp","href":"https:\/\/api.w.org\/{rel}","templated":true}]}}